{"id":991,"date":"2025-08-05T02:14:08","date_gmt":"2025-08-05T02:14:08","guid":{"rendered":"https:\/\/project.tnkoffee.com\/ecolesriad\/?page_id=991"},"modified":"2025-08-05T02:17:07","modified_gmt":"2025-08-05T02:17:07","slug":"preinscription-en-ligne","status":"publish","type":"page","link":"https:\/\/project.tnkoffee.com\/ecolesriad2\/preinscription-en-ligne\/","title":{"rendered":"PREINSCRIPTION EN LIGNE"},"content":{"rendered":"\t\t<div data-elementor-type=\"wp-post\" data-elementor-id=\"991\" class=\"elementor elementor-991\">\n\t\t\t\t\t\t<section class=\"elementor-section elementor-top-section elementor-element elementor-element-20928ac4 elementor-section-boxed elementor-section-height-default elementor-section-height-default\" data-id=\"20928ac4\" data-element_type=\"section\" data-settings=\"{&quot;background_background&quot;:&quot;classic&quot;}\">\n\t\t\t\t\t\t<div class=\"elementor-container elementor-column-gap-wide\">\n\t\t\t\t\t<div class=\"elementor-column elementor-col-100 elementor-top-column elementor-element elementor-element-2a0dd0eb\" data-id=\"2a0dd0eb\" data-element_type=\"column\" data-settings=\"{&quot;background_background&quot;:&quot;classic&quot;}\">\n\t\t\t<div class=\"elementor-widget-wrap elementor-element-populated\">\n\t\t\t\t\t\t<div class=\"elementor-element elementor-element-d039a2e elementor-widget elementor-widget-heading\" data-id=\"d039a2e\" data-element_type=\"widget\" data-widget_type=\"heading.default\">\n\t\t\t\t<div class=\"elementor-widget-container\">\n\t\t\t\t\t<h2 class=\"elementor-heading-title elementor-size-default\">Inscrivez-vous d\u00e8s maintenant pour r\u00e9server votre place !\n<\/h2>\t\t\t\t<\/div>\n\t\t\t\t<\/div>\n\t\t\t\t<div class=\"elementor-element elementor-element-8819390 elementor-widget elementor-widget-text-editor\" data-id=\"8819390\" data-element_type=\"widget\" data-widget_type=\"text-editor.default\">\n\t\t\t\t<div class=\"elementor-widget-container\">\n\t\t\t\t\t\t\t\t\t<p>Remplissez le formulaire de pr\u00e9inscription, notre \u00e9quipe vous contactera dans les plus brefs d\u00e9lais pour finaliser votre inscription.<\/p>\t\t\t\t\t\t\t\t<\/div>\n\t\t\t\t<\/div>\n\t\t\t\t<div class=\"elementor-element elementor-element-1d723bf elementor-widget elementor-widget-scp_contact_form_7\" data-id=\"1d723bf\" data-element_type=\"widget\" data-widget_type=\"scp_contact_form_7.default\">\n\t\t\t\t<div class=\"elementor-widget-container\">\n\t\t\t\t\t\n<div class=\"wpcf7 no-js\" id=\"wpcf7-f7-o1\" lang=\"en-US\" dir=\"ltr\" data-wpcf7-id=\"7\">\n<div class=\"screen-reader-response\"><p role=\"status\" aria-live=\"polite\" aria-atomic=\"true\"><\/p> <ul><\/ul><\/div>\n<form action=\"\/ecolesriad2\/wp-json\/wp\/v2\/pages\/991#wpcf7-f7-o1\" method=\"post\" class=\"wpcf7-form init\" aria-label=\"Contact form\" novalidate=\"novalidate\" data-status=\"init\">\n<div style=\"display: none;\">\n<input type=\"hidden\" name=\"_wpcf7\" value=\"7\" \/>\n<input type=\"hidden\" name=\"_wpcf7_version\" value=\"6.0.6\" \/>\n<input type=\"hidden\" name=\"_wpcf7_locale\" value=\"en_US\" \/>\n<input type=\"hidden\" name=\"_wpcf7_unit_tag\" value=\"wpcf7-f7-o1\" \/>\n<input type=\"hidden\" name=\"_wpcf7_container_post\" value=\"0\" \/>\n<input type=\"hidden\" name=\"_wpcf7_posted_data_hash\" value=\"\" \/>\n<\/div>\n<h3>Informations sur l\u2019enfant\n<\/h3>\n<p><label>Nom de l\u2019enfant<br \/>\n<span class=\"wpcf7-form-control-wrap\" data-name=\"enfant-nom\"><input size=\"40\" maxlength=\"400\" class=\"wpcf7-form-control wpcf7-text wpcf7-validates-as-required\" aria-required=\"true\" aria-invalid=\"false\" placeholder=\"Nom de famille\" value=\"\" type=\"text\" name=\"enfant-nom\" \/><\/span><\/label>\n<\/p>\n<p><label>Pr\u00e9nom de l\u2019enfant<br \/>\n<span class=\"wpcf7-form-control-wrap\" data-name=\"enfant-prenom\"><input size=\"40\" maxlength=\"400\" class=\"wpcf7-form-control wpcf7-text wpcf7-validates-as-required\" aria-required=\"true\" aria-invalid=\"false\" placeholder=\"Pr\u00e9nom\" value=\"\" type=\"text\" name=\"enfant-prenom\" \/><\/span><\/label>\n<\/p>\n<p><label>Date de naissance<br \/>\n<span class=\"wpcf7-form-control-wrap\" data-name=\"enfant-date-naissance\"><input class=\"wpcf7-form-control wpcf7-date wpcf7-validates-as-date\" aria-invalid=\"false\" value=\"\" type=\"date\" name=\"enfant-date-naissance\" \/><\/span><\/label>\n<\/p>\n<p><label>Sexe<br \/>\n<span class=\"wpcf7-form-control-wrap\" data-name=\"enfant-sexe\"><span class=\"wpcf7-form-control wpcf7-radio\"><span class=\"wpcf7-list-item first\"><label><input type=\"radio\" name=\"enfant-sexe\" value=\"Gar\u00e7on\" \/><span class=\"wpcf7-list-item-label\">Gar\u00e7on<\/span><\/label><\/span><span class=\"wpcf7-list-item last\"><label><input type=\"radio\" name=\"enfant-sexe\" value=\"Fille\" \/><span class=\"wpcf7-list-item-label\">Fille<\/span><\/label><\/span><\/span><\/span><\/label>\n<\/p>\n<p><label>Niveau scolaire souhait\u00e9<br \/>\n<span class=\"wpcf7-form-control-wrap\" data-name=\"niveau-scolaire\"><input size=\"40\" maxlength=\"400\" class=\"wpcf7-form-control wpcf7-text wpcf7-validates-as-required\" aria-required=\"true\" aria-invalid=\"false\" placeholder=\"Ex : CP, Grande section...\" value=\"\" type=\"text\" name=\"niveau-scolaire\" \/><\/span><\/label>\n<\/p>\n<hr \/>\n<h3>Informations sur le parent ou tuteur\n<\/h3>\n<p><label>Nom et pr\u00e9nom du parent ou tuteur<br \/>\n<span class=\"wpcf7-form-control-wrap\" data-name=\"parent-nom-prenom\"><input size=\"40\" maxlength=\"400\" class=\"wpcf7-form-control wpcf7-text wpcf7-validates-as-required\" aria-required=\"true\" aria-invalid=\"false\" placeholder=\"Nom et pr\u00e9nom\" value=\"\" type=\"text\" name=\"parent-nom-prenom\" \/><\/span><\/label>\n<\/p>\n<p><label>Lien avec l\u2019enfant<br \/>\n<span class=\"wpcf7-form-control-wrap\" data-name=\"lien-enfant\"><select class=\"wpcf7-form-control wpcf7-select wpcf7-validates-as-required full-width\" aria-required=\"true\" aria-invalid=\"false\" name=\"lien-enfant\"><option value=\"\">&#8212;Please choose an option&#8212;<\/option><option value=\"P\u00e8re\">P\u00e8re<\/option><option value=\"M\u00e8re\">M\u00e8re<\/option><option value=\"Tuteur\">Tuteur<\/option><option value=\"Autre\">Autre<\/option><\/select><\/span><\/label>\n<\/p>\n<p><label>Num\u00e9ro de t\u00e9l\u00e9phone<br \/>\n<span class=\"wpcf7-form-control-wrap\" data-name=\"parent-telephone\"><input size=\"40\" maxlength=\"400\" class=\"wpcf7-form-control wpcf7-tel wpcf7-validates-as-required wpcf7-text wpcf7-validates-as-tel\" aria-required=\"true\" aria-invalid=\"false\" placeholder=\"+212...\" value=\"\" type=\"tel\" name=\"parent-telephone\" \/><\/span><\/label>\n<\/p>\n<p><label>Adresse e-mail<br \/>\n<span class=\"wpcf7-form-control-wrap\" data-name=\"parent-email\"><input size=\"40\" maxlength=\"400\" class=\"wpcf7-form-control wpcf7-email wpcf7-validates-as-required wpcf7-text wpcf7-validates-as-email\" aria-required=\"true\" aria-invalid=\"false\" placeholder=\"exemple@email.com\" value=\"\" type=\"email\" name=\"parent-email\" \/><\/span><\/label>\n<\/p>\n<p><label>Adresse de r\u00e9sidence<br \/>\n<span class=\"wpcf7-form-control-wrap\" data-name=\"parent-adresse\"><textarea cols=\"40\" rows=\"10\" maxlength=\"2000\" class=\"wpcf7-form-control wpcf7-textarea\" aria-invalid=\"false\" placeholder=\"Adresse compl\u00e8te (rue, quartier, ville)\" name=\"parent-adresse\"><\/textarea><\/span><\/label>\n<\/p>\n<hr \/>\n<p><label><br \/>\n<span class=\"wpcf7-form-control-wrap\" data-name=\"rgpd-consent\"><span class=\"wpcf7-form-control wpcf7-checkbox wpcf7-validates-as-required\"><span class=\"wpcf7-list-item first last\"><label><input type=\"checkbox\" name=\"rgpd-consent[]\" value=\"J\u2019accepte que mes donn\u00e9es soient utilis\u00e9es dans le cadre de cette pr\u00e9inscription.\" \/><span class=\"wpcf7-list-item-label\">J\u2019accepte que mes donn\u00e9es soient utilis\u00e9es dans le cadre de cette pr\u00e9inscription.<\/span><\/label><\/span><\/span><\/span><br \/>\n<\/label>\n<\/p>\n<p><input class=\"wpcf7-form-control wpcf7-submit has-spinner\" type=\"submit\" value=\"Envoyer la demande de pr\u00e9inscription\" \/>\n<\/p>\n<style>\n.wpcf7 select.full-width,\n.wpcf7 textarea,\n.wpcf7 input[type=\"text\"],\n.wpcf7 input[type=\"email\"],\n.wpcf7 input[type=\"tel\"],\n.wpcf7 input[type=\"date\"] {\n width: 100%;\n padding: 10px;\n font-size: 15px;\n border: 1px solid #ccc;\n border-radius: 5px;\n margin-top: 5px;\n margin-bottom: 20px;\n box-sizing: border-box;\n}\n\n.wpcf7 label {\n font-weight: 600;\n display: block;\n margin-bottom: 5px;\n color: #333;\n}\n\n.wpcf7 h3 {\n font-size: 18px;\n margin-top: 30px;\n margin-bottom: 15px;\n color: #1a1a1a;\n border-bottom: 1px solid #e0e0e0;\n padding-bottom: 5px;\n}\n\ninput[type=\"radio\"],[type=\"checkbox\"] {\n height: 11px !important;\n}\n<\/style><div class=\"wpcf7-response-output\" aria-hidden=\"true\"><\/div>\n<\/form>\n<\/div>\n\t\t\t\t<\/div>\n\t\t\t\t<\/div>\n\t\t\t\t\t<\/div>\n\t\t<\/div>\n\t\t\t\t\t<\/div>\n\t\t<\/section>\n\t\t\t\t<\/div>\n\t\t","protected":false},"excerpt":{"rendered":"<p>Inscrivez-vous d\u00e8s maintenant pour r\u00e9server votre place ! Remplissez le formulaire de pr\u00e9inscription, notre \u00e9quipe vous contactera dans les plus brefs d\u00e9lais pour finaliser votre&nbsp;<a href=\"https:\/\/project.tnkoffee.com\/ecolesriad2\/preinscription-en-ligne\/\">&hellip;<\/a><\/p>\n","protected":false},"author":1,"featured_media":0,"parent":0,"menu_order":0,"comment_status":"closed","ping_status":"closed","template":"template-fullwidth.php","meta":{"footnotes":""},"class_list":["post-991","page","type-page","status-publish","hentry","odd"],"_links":{"self":[{"href":"https:\/\/project.tnkoffee.com\/ecolesriad2\/wp-json\/wp\/v2\/pages\/991","targetHints":{"allow":["GET"]}}],"collection":[{"href":"https:\/\/project.tnkoffee.com\/ecolesriad2\/wp-json\/wp\/v2\/pages"}],"about":[{"href":"https:\/\/project.tnkoffee.com\/ecolesriad2\/wp-json\/wp\/v2\/types\/page"}],"author":[{"embeddable":true,"href":"https:\/\/project.tnkoffee.com\/ecolesriad2\/wp-json\/wp\/v2\/users\/1"}],"replies":[{"embeddable":true,"href":"https:\/\/project.tnkoffee.com\/ecolesriad2\/wp-json\/wp\/v2\/comments?post=991"}],"version-history":[{"count":8,"href":"https:\/\/project.tnkoffee.com\/ecolesriad2\/wp-json\/wp\/v2\/pages\/991\/revisions"}],"predecessor-version":[{"id":999,"href":"https:\/\/project.tnkoffee.com\/ecolesriad2\/wp-json\/wp\/v2\/pages\/991\/revisions\/999"}],"wp:attachment":[{"href":"https:\/\/project.tnkoffee.com\/ecolesriad2\/wp-json\/wp\/v2\/media?parent=991"}],"curies":[{"name":"wp","href":"https:\/\/api.w.org\/{rel}","templated":true}]}}