{"id":803,"date":"2025-05-22T14:04:44","date_gmt":"2025-05-22T14:04:44","guid":{"rendered":"https:\/\/project.tnkoffee.com\/ecolesriad\/?page_id=803"},"modified":"2026-02-16T13:09:16","modified_gmt":"2026-02-16T13:09:16","slug":"primaire","status":"publish","type":"page","link":"https:\/\/project.tnkoffee.com\/ecolesriad2\/nos-cycles\/primaire\/","title":{"rendered":"Primaire"},"content":{"rendered":"\t\t<div data-elementor-type=\"wp-page\" data-elementor-id=\"803\" class=\"elementor elementor-803\">\n\t\t\t\t\t\t<section class=\"elementor-section elementor-top-section elementor-element elementor-element-a2f80b6 elementor-section-boxed elementor-section-height-default elementor-section-height-default\" data-id=\"a2f80b6\" data-element_type=\"section\">\n\t\t\t\t\t\t<div class=\"elementor-container elementor-column-gap-default\">\n\t\t\t\t\t<div class=\"elementor-column elementor-col-100 elementor-top-column elementor-element elementor-element-a0f9570\" data-id=\"a0f9570\" data-element_type=\"column\">\n\t\t\t<div class=\"elementor-widget-wrap elementor-element-populated\">\n\t\t\t\t\t\t<div class=\"elementor-element elementor-element-919aeca elementor-widget elementor-widget-html\" data-id=\"919aeca\" data-element_type=\"widget\" data-widget_type=\"html.default\">\n\t\t\t\t<div class=\"elementor-widget-container\">\n\t\t\t\t\t<style>\n    \n    h1.page-title {\n    background: #A3C754;\n}\n    \n<\/style>\t\t\t\t<\/div>\n\t\t\t\t<\/div>\n\t\t\t\t<div class=\"elementor-element elementor-element-ed2d2b6 elementor-arrows-position-inside elementor-pagination-position-outside elementor-widget elementor-widget-image-carousel\" data-id=\"ed2d2b6\" data-element_type=\"widget\" data-settings=\"{&quot;navigation&quot;:&quot;both&quot;,&quot;autoplay&quot;:&quot;yes&quot;,&quot;pause_on_hover&quot;:&quot;yes&quot;,&quot;pause_on_interaction&quot;:&quot;yes&quot;,&quot;autoplay_speed&quot;:5000,&quot;infinite&quot;:&quot;yes&quot;,&quot;speed&quot;:500}\" data-widget_type=\"image-carousel.default\">\n\t\t\t\t<div class=\"elementor-widget-container\">\n\t\t\t\t\t\t\t<div class=\"elementor-image-carousel-wrapper swiper\" role=\"region\" aria-roledescription=\"carousel\" aria-label=\"Image Carousel\" dir=\"ltr\">\n\t\t\t<div class=\"elementor-image-carousel swiper-wrapper\" aria-live=\"off\">\n\t\t\t\t\t\t\t\t<div class=\"swiper-slide\" role=\"group\" aria-roledescription=\"slide\" aria-label=\"1 of 3\"><figure class=\"swiper-slide-inner\"><img decoding=\"async\" class=\"swiper-slide-image\" src=\"https:\/\/project.tnkoffee.com\/ecolesriad2\/wp-content\/uploads\/2020\/05\/10-cheating-at-school-exam-VWYLNHB-420x420.jpg\" alt=\"10-cheating-at-school-exam-VWYLNHB.jpg\" \/><\/figure><\/div><div class=\"swiper-slide\" role=\"group\" aria-roledescription=\"slide\" aria-label=\"2 of 3\"><figure class=\"swiper-slide-inner\"><img decoding=\"async\" class=\"swiper-slide-image\" src=\"https:\/\/project.tnkoffee.com\/ecolesriad2\/wp-content\/uploads\/2020\/05\/08-african-girl-thinking-in-class-P9TCHYE-420x420.jpg\" alt=\"08-african-girl-thinking-in-class-P9TCHYE.jpg\" \/><\/figure><\/div><div class=\"swiper-slide\" role=\"group\" aria-roledescription=\"slide\" aria-label=\"3 of 3\"><figure class=\"swiper-slide-inner\"><img decoding=\"async\" class=\"swiper-slide-image\" src=\"https:\/\/project.tnkoffee.com\/ecolesriad2\/wp-content\/uploads\/2020\/05\/16-420x420.jpg\" alt=\"16\" \/><\/figure><\/div>\t\t\t<\/div>\n\t\t\t\t\t\t\t\t\t\t\t\t<div class=\"elementor-swiper-button elementor-swiper-button-prev\" role=\"button\" tabindex=\"0\">\n\t\t\t\t\t\t<i aria-hidden=\"true\" class=\"eicon-chevron-left\"><\/i>\t\t\t\t\t<\/div>\n\t\t\t\t\t<div class=\"elementor-swiper-button elementor-swiper-button-next\" role=\"button\" tabindex=\"0\">\n\t\t\t\t\t\t<i aria-hidden=\"true\" class=\"eicon-chevron-right\"><\/i>\t\t\t\t\t<\/div>\n\t\t\t\t\n\t\t\t\t\t\t\t\t\t<div class=\"swiper-pagination\"><\/div>\n\t\t\t\t\t\t\t\t\t<\/div>\n\t\t\t\t\t\t<\/div>\n\t\t\t\t<\/div>\n\t\t\t\t<div class=\"elementor-element elementor-element-c45204f elementor-widget elementor-widget-text-editor\" data-id=\"c45204f\" data-element_type=\"widget\" data-widget_type=\"text-editor.default\">\n\t\t\t\t<div class=\"elementor-widget-container\">\n\t\t\t\t\t\t\t\t\t<p>La r\u00e9ussite et l&#8217;\u00e9panouissement des \u00e9l\u00e8ves deviennent possibles lorsque l&#8217;\u00e9cole et la famille accordent leurs violons et avancent main dans la main pour accomplir une mission \u00e0 la fois unique et exceptionnelle.<\/p><p>C&#8217;est dans cette dynamique que, dans notre \u00e9cole, nous nous engageons \u00e0 entretenir un partenariat durable, fond\u00e9 sur la confiance, l&#8217;\u00e9coute et l&#8217;engagement mutuels.<\/p><p>Les \u00c9coles Riad veillent constamment \u00e0 instaurer une atmosph\u00e8re sereine et bienveillante, favorable \u00e0 une scolarit\u00e9 r\u00e9ussie, \u00e0 une \u00e9ducation de qualit\u00e9 et \u00e0 un d\u00e9veloppement personnel \u00e9quilibr\u00e9.<\/p>\t\t\t\t\t\t\t\t<\/div>\n\t\t\t\t<\/div>\n\t\t\t\t\t<\/div>\n\t\t<\/div>\n\t\t\t\t\t<\/div>\n\t\t<\/section>\n\t\t\t\t<\/div>\n\t\t","protected":false},"excerpt":{"rendered":"<p>La r\u00e9ussite et l&#8217;\u00e9panouissement des \u00e9l\u00e8ves deviennent possibles lorsque l&#8217;\u00e9cole et la famille accordent leurs violons et avancent main dans la main pour accomplir une&nbsp;<a href=\"https:\/\/project.tnkoffee.com\/ecolesriad2\/nos-cycles\/primaire\/\">&hellip;<\/a><\/p>\n","protected":false},"author":1,"featured_media":0,"parent":418,"menu_order":1,"comment_status":"closed","ping_status":"closed","template":"template-sidebar-left-childpages.php","meta":{"footnotes":""},"class_list":["post-803","page","type-page","status-publish","hentry","odd"],"_links":{"self":[{"href":"https:\/\/project.tnkoffee.com\/ecolesriad2\/wp-json\/wp\/v2\/pages\/803","targetHints":{"allow":["GET"]}}],"collection":[{"href":"https:\/\/project.tnkoffee.com\/ecolesriad2\/wp-json\/wp\/v2\/pages"}],"about":[{"href":"https:\/\/project.tnkoffee.com\/ecolesriad2\/wp-json\/wp\/v2\/types\/page"}],"author":[{"embeddable":true,"href":"https:\/\/project.tnkoffee.com\/ecolesriad2\/wp-json\/wp\/v2\/users\/1"}],"replies":[{"embeddable":true,"href":"https:\/\/project.tnkoffee.com\/ecolesriad2\/wp-json\/wp\/v2\/comments?post=803"}],"version-history":[{"count":31,"href":"https:\/\/project.tnkoffee.com\/ecolesriad2\/wp-json\/wp\/v2\/pages\/803\/revisions"}],"predecessor-version":[{"id":1350,"href":"https:\/\/project.tnkoffee.com\/ecolesriad2\/wp-json\/wp\/v2\/pages\/803\/revisions\/1350"}],"up":[{"embeddable":true,"href":"https:\/\/project.tnkoffee.com\/ecolesriad2\/wp-json\/wp\/v2\/pages\/418"}],"wp:attachment":[{"href":"https:\/\/project.tnkoffee.com\/ecolesriad2\/wp-json\/wp\/v2\/media?parent=803"}],"curies":[{"name":"wp","href":"https:\/\/api.w.org\/{rel}","templated":true}]}}