{"id":416,"date":"2019-08-13T10:51:17","date_gmt":"2019-08-13T10:51:17","guid":{"rendered":"http:\/\/ed.aislinthemes.com\/classes\/?page_id=5291"},"modified":"2026-02-16T13:07:47","modified_gmt":"2026-02-16T13:07:47","slug":"maternelle","status":"publish","type":"page","link":"https:\/\/project.tnkoffee.com\/ecolesriad2\/nos-cycles\/maternelle\/","title":{"rendered":"Maternelle"},"content":{"rendered":"\t\t<div data-elementor-type=\"wp-page\" data-elementor-id=\"416\" class=\"elementor elementor-416\">\n\t\t\t\t\t\t<section class=\"elementor-section elementor-top-section elementor-element elementor-element-a2f80b6 elementor-section-boxed elementor-section-height-default elementor-section-height-default\" data-id=\"a2f80b6\" data-element_type=\"section\">\n\t\t\t\t\t\t<div class=\"elementor-container elementor-column-gap-default\">\n\t\t\t\t\t<div class=\"elementor-column elementor-col-100 elementor-top-column elementor-element elementor-element-a0f9570\" data-id=\"a0f9570\" data-element_type=\"column\">\n\t\t\t<div class=\"elementor-widget-wrap elementor-element-populated\">\n\t\t\t\t\t\t<div class=\"elementor-element elementor-element-9ee0d5a elementor-widget elementor-widget-html\" data-id=\"9ee0d5a\" data-element_type=\"widget\" data-widget_type=\"html.default\">\n\t\t\t\t<div class=\"elementor-widget-container\">\n\t\t\t\t\t<style>\n    \n    h1.page-title {\n    background: #4C005B;\n}\n\n<\/style>\t\t\t\t<\/div>\n\t\t\t\t<\/div>\n\t\t\t\t<div class=\"elementor-element elementor-element-dd0a211 elementor-arrows-position-inside elementor-pagination-position-outside elementor-widget elementor-widget-image-carousel\" data-id=\"dd0a211\" data-element_type=\"widget\" data-settings=\"{&quot;navigation&quot;:&quot;both&quot;,&quot;autoplay&quot;:&quot;yes&quot;,&quot;pause_on_hover&quot;:&quot;yes&quot;,&quot;pause_on_interaction&quot;:&quot;yes&quot;,&quot;autoplay_speed&quot;:5000,&quot;infinite&quot;:&quot;yes&quot;,&quot;speed&quot;:500}\" data-widget_type=\"image-carousel.default\">\n\t\t\t\t<div class=\"elementor-widget-container\">\n\t\t\t\t\t\t\t<div class=\"elementor-image-carousel-wrapper swiper\" role=\"region\" aria-roledescription=\"carousel\" aria-label=\"Image Carousel\" dir=\"ltr\">\n\t\t\t<div class=\"elementor-image-carousel swiper-wrapper\" aria-live=\"off\">\n\t\t\t\t\t\t\t\t<div class=\"swiper-slide\" role=\"group\" aria-roledescription=\"slide\" aria-label=\"1 of 3\"><figure class=\"swiper-slide-inner\"><img decoding=\"async\" class=\"swiper-slide-image\" src=\"https:\/\/project.tnkoffee.com\/ecolesriad2\/wp-content\/uploads\/2025\/05\/3-2_iStock-487831366-scaled-420x420.jpg\" alt=\"3-2_iStock-487831366\" \/><\/figure><\/div><div class=\"swiper-slide\" role=\"group\" aria-roledescription=\"slide\" aria-label=\"2 of 3\"><figure class=\"swiper-slide-inner\"><img decoding=\"async\" class=\"swiper-slide-image\" src=\"https:\/\/project.tnkoffee.com\/ecolesriad2\/wp-content\/uploads\/2025\/05\/ecole-primaire-privee-420x420.jpg\" alt=\"ecole-primaire-privee\" \/><\/figure><\/div><div class=\"swiper-slide\" role=\"group\" aria-roledescription=\"slide\" aria-label=\"3 of 3\"><figure class=\"swiper-slide-inner\"><img decoding=\"async\" class=\"swiper-slide-image\" src=\"https:\/\/project.tnkoffee.com\/ecolesriad2\/wp-content\/uploads\/2025\/05\/images-258x195.jpeg\" alt=\"images\" \/><\/figure><\/div>\t\t\t<\/div>\n\t\t\t\t\t\t\t\t\t\t\t\t<div class=\"elementor-swiper-button elementor-swiper-button-prev\" role=\"button\" tabindex=\"0\">\n\t\t\t\t\t\t<i aria-hidden=\"true\" class=\"eicon-chevron-left\"><\/i>\t\t\t\t\t<\/div>\n\t\t\t\t\t<div class=\"elementor-swiper-button elementor-swiper-button-next\" role=\"button\" tabindex=\"0\">\n\t\t\t\t\t\t<i aria-hidden=\"true\" class=\"eicon-chevron-right\"><\/i>\t\t\t\t\t<\/div>\n\t\t\t\t\n\t\t\t\t\t\t\t\t\t<div class=\"swiper-pagination\"><\/div>\n\t\t\t\t\t\t\t\t\t<\/div>\n\t\t\t\t\t\t<\/div>\n\t\t\t\t<\/div>\n\t\t\t\t<div class=\"elementor-element elementor-element-2cc4178 elementor-widget elementor-widget-text-editor\" data-id=\"2cc4178\" data-element_type=\"widget\" data-widget_type=\"text-editor.default\">\n\t\t\t\t<div class=\"elementor-widget-container\">\n\t\t\t\t\t\t\t\t\t<p>Dans un souci du bien-\u00eatre de l&#8217;enfant et d&#8217;une premi\u00e8re scolarisation r\u00e9ussie, la maternelle des \u00c9coles Riad accueille les \u00e9l\u00e8ves et leurs parents. L&#8217;\u00e9l\u00e8ve qui entre pour la premi\u00e8re fois \u00e0 l&#8217;\u00e9cole maternelle poss\u00e8de d\u00e9j\u00e0 des savoirs-faire, des connaissances et des repr\u00e9sentations du monde.<\/p><p>L&#8217;\u00e9cole prend en compte ce v\u00e9cu et construit des passerelles entre la famille et l&#8217;\u00e9cole.<\/p><p>Rendre tous les enfants capables de progresser et de s&#8217;\u00e9panouir en tenant compte de leur rythme, de leur d\u00e9veloppement et de leur maturit\u00e9 : telle est notre mission. Et pour permettre une continuit\u00e9 \u00e9ducative, tout le personnel de l&#8217;\u00e9cole maternelle -\u2014 \u00e9quipe p\u00e9dagogique, \u00ab enseignantes, ATSEM&#8230; \u00bb &#8211; se concerte r\u00e9guli\u00e8rement pour veiller au bien-\u00eatre de l&#8217;enfant.<\/p><p>Le temps d&#8217;apprentissage, la restauration, les r\u00e9cr\u00e9ations, les activit\u00e9s scolaires et p\u00e9riscolaires&#8230; sont \u00e9tudi\u00e9s de mani\u00e8re \u00e0 favoriser un apprentissage r\u00e9ussi et \u00e0 long terme, durable, et \u00e0<br \/>construire une personnalit\u00e9 bien forg\u00e9e et \u00e9quilibr\u00e9e.<\/p>\t\t\t\t\t\t\t\t<\/div>\n\t\t\t\t<\/div>\n\t\t\t\t\t<\/div>\n\t\t<\/div>\n\t\t\t\t\t<\/div>\n\t\t<\/section>\n\t\t\t\t<\/div>\n\t\t","protected":false},"excerpt":{"rendered":"<p>Dans un souci du bien-\u00eatre de l&#8217;enfant et d&#8217;une premi\u00e8re scolarisation r\u00e9ussie, la maternelle des \u00c9coles Riad accueille les \u00e9l\u00e8ves et leurs parents. L&#8217;\u00e9l\u00e8ve qui&nbsp;<a href=\"https:\/\/project.tnkoffee.com\/ecolesriad2\/nos-cycles\/maternelle\/\">&hellip;<\/a><\/p>\n","protected":false},"author":1,"featured_media":0,"parent":418,"menu_order":0,"comment_status":"closed","ping_status":"closed","template":"template-sidebar-left-childpages.php","meta":{"footnotes":""},"class_list":["post-416","page","type-page","status-publish","hentry","odd"],"_links":{"self":[{"href":"https:\/\/project.tnkoffee.com\/ecolesriad2\/wp-json\/wp\/v2\/pages\/416","targetHints":{"allow":["GET"]}}],"collection":[{"href":"https:\/\/project.tnkoffee.com\/ecolesriad2\/wp-json\/wp\/v2\/pages"}],"about":[{"href":"https:\/\/project.tnkoffee.com\/ecolesriad2\/wp-json\/wp\/v2\/types\/page"}],"author":[{"embeddable":true,"href":"https:\/\/project.tnkoffee.com\/ecolesriad2\/wp-json\/wp\/v2\/users\/1"}],"replies":[{"embeddable":true,"href":"https:\/\/project.tnkoffee.com\/ecolesriad2\/wp-json\/wp\/v2\/comments?post=416"}],"version-history":[{"count":59,"href":"https:\/\/project.tnkoffee.com\/ecolesriad2\/wp-json\/wp\/v2\/pages\/416\/revisions"}],"predecessor-version":[{"id":1347,"href":"https:\/\/project.tnkoffee.com\/ecolesriad2\/wp-json\/wp\/v2\/pages\/416\/revisions\/1347"}],"up":[{"embeddable":true,"href":"https:\/\/project.tnkoffee.com\/ecolesriad2\/wp-json\/wp\/v2\/pages\/418"}],"wp:attachment":[{"href":"https:\/\/project.tnkoffee.com\/ecolesriad2\/wp-json\/wp\/v2\/media?parent=416"}],"curies":[{"name":"wp","href":"https:\/\/api.w.org\/{rel}","templated":true}]}}