{"id":415,"date":"2019-08-13T10:51:41","date_gmt":"2019-08-13T10:51:41","guid":{"rendered":"http:\/\/ed.aislinthemes.com\/classes\/?page_id=5293"},"modified":"2026-02-16T12:53:49","modified_gmt":"2026-02-16T12:53:49","slug":"college","status":"publish","type":"page","link":"https:\/\/project.tnkoffee.com\/ecolesriad2\/nos-cycles\/college\/","title":{"rendered":"Coll\u00e8ge"},"content":{"rendered":"\t\t<div data-elementor-type=\"wp-page\" data-elementor-id=\"415\" class=\"elementor elementor-415\">\n\t\t\t\t\t\t<section class=\"elementor-section elementor-top-section elementor-element elementor-element-fa6681d elementor-section-boxed elementor-section-height-default elementor-section-height-default\" data-id=\"fa6681d\" data-element_type=\"section\">\n\t\t\t\t\t\t<div class=\"elementor-container elementor-column-gap-default\">\n\t\t\t\t\t<div class=\"elementor-column elementor-col-100 elementor-top-column elementor-element elementor-element-0d50d90\" data-id=\"0d50d90\" data-element_type=\"column\">\n\t\t\t<div class=\"elementor-widget-wrap elementor-element-populated\">\n\t\t\t\t\t\t<div class=\"elementor-element elementor-element-9a5cc35 elementor-widget elementor-widget-html\" data-id=\"9a5cc35\" data-element_type=\"widget\" data-widget_type=\"html.default\">\n\t\t\t\t<div class=\"elementor-widget-container\">\n\t\t\t\t\t<style>\n    h1.page-title { background: #EB9F43; }\n    \n<\/style>\t\t\t\t<\/div>\n\t\t\t\t<\/div>\n\t\t\t\t<div class=\"elementor-element elementor-element-29246a1 elementor-arrows-position-inside elementor-pagination-position-outside elementor-widget elementor-widget-image-carousel\" data-id=\"29246a1\" data-element_type=\"widget\" data-settings=\"{&quot;navigation&quot;:&quot;both&quot;,&quot;autoplay&quot;:&quot;yes&quot;,&quot;pause_on_hover&quot;:&quot;yes&quot;,&quot;pause_on_interaction&quot;:&quot;yes&quot;,&quot;autoplay_speed&quot;:5000,&quot;infinite&quot;:&quot;yes&quot;,&quot;speed&quot;:500}\" data-widget_type=\"image-carousel.default\">\n\t\t\t\t<div class=\"elementor-widget-container\">\n\t\t\t\t\t\t\t<div class=\"elementor-image-carousel-wrapper swiper\" role=\"region\" aria-roledescription=\"carousel\" aria-label=\"Image Carousel\" dir=\"ltr\">\n\t\t\t<div class=\"elementor-image-carousel swiper-wrapper\" aria-live=\"off\">\n\t\t\t\t\t\t\t\t<div class=\"swiper-slide\" role=\"group\" aria-roledescription=\"slide\" aria-label=\"1 of 3\"><figure class=\"swiper-slide-inner\"><img decoding=\"async\" class=\"swiper-slide-image\" src=\"https:\/\/project.tnkoffee.com\/ecolesriad2\/wp-content\/uploads\/2025\/05\/2679310-classement-des-lycees-accompagnement-eleves-766x438-1-420x420.jpeg\" alt=\"2679310-classement-des-lycees-accompagnement-eleves-766x438\" \/><\/figure><\/div><div class=\"swiper-slide\" role=\"group\" aria-roledescription=\"slide\" aria-label=\"2 of 3\"><figure class=\"swiper-slide-inner\"><img decoding=\"async\" class=\"swiper-slide-image\" src=\"https:\/\/project.tnkoffee.com\/ecolesriad2\/wp-content\/uploads\/2025\/05\/17718198_xl_123RF-HONGQI-ZHANG_0-420x420.jpg\" alt=\"17718198_xl_123RF-HONGQI ZHANG_0\" \/><\/figure><\/div><div class=\"swiper-slide\" role=\"group\" aria-roledescription=\"slide\" aria-label=\"3 of 3\"><figure class=\"swiper-slide-inner\"><img decoding=\"async\" class=\"swiper-slide-image\" src=\"https:\/\/project.tnkoffee.com\/ecolesriad2\/wp-content\/uploads\/2025\/05\/pas-lycee-affectation-420x420.jpg\" alt=\"pas-lycee-affectation\" \/><\/figure><\/div>\t\t\t<\/div>\n\t\t\t\t\t\t\t\t\t\t\t\t<div class=\"elementor-swiper-button elementor-swiper-button-prev\" role=\"button\" tabindex=\"0\">\n\t\t\t\t\t\t<i aria-hidden=\"true\" class=\"eicon-chevron-left\"><\/i>\t\t\t\t\t<\/div>\n\t\t\t\t\t<div class=\"elementor-swiper-button elementor-swiper-button-next\" role=\"button\" tabindex=\"0\">\n\t\t\t\t\t\t<i aria-hidden=\"true\" class=\"eicon-chevron-right\"><\/i>\t\t\t\t\t<\/div>\n\t\t\t\t\n\t\t\t\t\t\t\t\t\t<div class=\"swiper-pagination\"><\/div>\n\t\t\t\t\t\t\t\t\t<\/div>\n\t\t\t\t\t\t<\/div>\n\t\t\t\t<\/div>\n\t\t\t\t<div class=\"elementor-element elementor-element-c64a505 elementor-widget elementor-widget-text-editor\" data-id=\"c64a505\" data-element_type=\"widget\" data-widget_type=\"text-editor.default\">\n\t\t\t\t<div class=\"elementor-widget-container\">\n\t\t\t\t\t\t\t\t\t<p>Le Coll\u00e8ge Riad constitue une \u00e9tape cl\u00e9 du parcours scolaire, d\u00e9di\u00e9e \u00e0 la consolidation des acquis et \u00e0 la structuration intellectuelle de l\u2019\u00e9l\u00e8ve. \u00c0 travers un enseignement rigoureux et des pratiques p\u00e9dagogiques adapt\u00e9es, l\u2019\u00e9tablissement d\u00e9veloppe les comp\u00e9tences analytiques, m\u00e9thodologiques et organisationnelles indispensables \u00e0 la r\u00e9ussite.<\/p><p>Fid\u00e8le \u00e0 ses valeurs citoyennes et culturelles, le Coll\u00e8ge Riad \u0153uvre \u00e0 former un \u00e9l\u00e8ve autonome, responsable et engag\u00e9, \u00e9voluant dans un cadre \u00e9ducatif fond\u00e9 sur l\u2019exigence, le respect et la tol\u00e9rance.<\/p><p>L\u2019excellence guide notre action et se traduit par des r\u00e9sultats solides en fin de cycle, pr\u00e9parant efficacement l\u2019acc\u00e8s au cycle qualifiant.<\/p><p>\u00a0<\/p>\t\t\t\t\t\t\t\t<\/div>\n\t\t\t\t<\/div>\n\t\t\t\t\t<\/div>\n\t\t<\/div>\n\t\t\t\t\t<\/div>\n\t\t<\/section>\n\t\t\t\t<\/div>\n\t\t","protected":false},"excerpt":{"rendered":"<p>Le Coll\u00e8ge Riad constitue une \u00e9tape cl\u00e9 du parcours scolaire, d\u00e9di\u00e9e \u00e0 la consolidation des acquis et \u00e0 la structuration intellectuelle de l\u2019\u00e9l\u00e8ve. \u00c0 travers&nbsp;<a href=\"https:\/\/project.tnkoffee.com\/ecolesriad2\/nos-cycles\/college\/\">&hellip;<\/a><\/p>\n","protected":false},"author":1,"featured_media":0,"parent":418,"menu_order":2,"comment_status":"closed","ping_status":"closed","template":"template-sidebar-left-childpages.php","meta":{"footnotes":""},"class_list":["post-415","page","type-page","status-publish","hentry","odd"],"_links":{"self":[{"href":"https:\/\/project.tnkoffee.com\/ecolesriad2\/wp-json\/wp\/v2\/pages\/415","targetHints":{"allow":["GET"]}}],"collection":[{"href":"https:\/\/project.tnkoffee.com\/ecolesriad2\/wp-json\/wp\/v2\/pages"}],"about":[{"href":"https:\/\/project.tnkoffee.com\/ecolesriad2\/wp-json\/wp\/v2\/types\/page"}],"author":[{"embeddable":true,"href":"https:\/\/project.tnkoffee.com\/ecolesriad2\/wp-json\/wp\/v2\/users\/1"}],"replies":[{"embeddable":true,"href":"https:\/\/project.tnkoffee.com\/ecolesriad2\/wp-json\/wp\/v2\/comments?post=415"}],"version-history":[{"count":32,"href":"https:\/\/project.tnkoffee.com\/ecolesriad2\/wp-json\/wp\/v2\/pages\/415\/revisions"}],"predecessor-version":[{"id":1341,"href":"https:\/\/project.tnkoffee.com\/ecolesriad2\/wp-json\/wp\/v2\/pages\/415\/revisions\/1341"}],"up":[{"embeddable":true,"href":"https:\/\/project.tnkoffee.com\/ecolesriad2\/wp-json\/wp\/v2\/pages\/418"}],"wp:attachment":[{"href":"https:\/\/project.tnkoffee.com\/ecolesriad2\/wp-json\/wp\/v2\/media?parent=415"}],"curies":[{"name":"wp","href":"https:\/\/api.w.org\/{rel}","templated":true}]}}