{"id":1420,"date":"2026-03-26T10:31:21","date_gmt":"2026-03-26T10:31:21","guid":{"rendered":"https:\/\/project.tnkoffee.com\/ecolesriad2\/?page_id=1420"},"modified":"2026-03-26T10:33:40","modified_gmt":"2026-03-26T10:33:40","slug":"lexcellence-academique","status":"publish","type":"page","link":"https:\/\/project.tnkoffee.com\/ecolesriad2\/lexcellence-academique\/","title":{"rendered":"L\u2019excellence acad\u00e9mique"},"content":{"rendered":"\t\t<div data-elementor-type=\"wp-post\" data-elementor-id=\"1420\" class=\"elementor elementor-1420\">\n\t\t\t\t\t\t<section class=\"elementor-section elementor-top-section elementor-element elementor-element-9cffb4a elementor-section-boxed elementor-section-height-default elementor-section-height-default\" data-id=\"9cffb4a\" data-element_type=\"section\">\n\t\t\t\t\t\t<div class=\"elementor-container elementor-column-gap-default\">\n\t\t\t\t\t<div class=\"elementor-column elementor-col-100 elementor-top-column elementor-element elementor-element-df78b5d\" data-id=\"df78b5d\" data-element_type=\"column\">\n\t\t\t<div class=\"elementor-widget-wrap elementor-element-populated\">\n\t\t\t\t\t\t<div class=\"elementor-element elementor-element-328c367 elementor-widget elementor-widget-text-editor\" data-id=\"328c367\" data-element_type=\"widget\" data-widget_type=\"text-editor.default\">\n\t\t\t\t<div class=\"elementor-widget-container\">\n\t\t\t\t\t\t\t\t\t<p>L\u2019excellence acad\u00e9mique est au c\u0153ur de notre mission \u00e9ducative. C\u2019est un engagement solennel que nous honorons au quotidien afin de former des leaders visionnaires, comp\u00e9tents et consciencieux, capables de s\u2019int\u00e9grer pleinement dans la soci\u00e9t\u00e9 et de contribuer activement \u00e0 son progr\u00e8s.<\/p><p>Aux \u00c9coles Riad, Nous favorisons une p\u00e9dagogie active et innovante, ax\u00e9e sur la cr\u00e9ativit\u00e9, l\u2019esprit critique et l\u2019apprentissage interactif.<\/p><p>L\u2019efficacit\u00e9 de notre enseignement repose sur le respect des besoins de chaque apprenant et sur le d\u00e9veloppement de leur intelligence \u00e9motionnelle, afin de favoriser leur \u00e9panouissement et leur r\u00e9ussite. C\u2019est dans cette optique que chaque \u00e9l\u00e8ve b\u00e9n\u00e9ficie d\u2019un suivi personnalis\u00e9 pour d\u00e9velopper pleinement son potentiel.<\/p><p>Les \u00c9coles Riad proposent un apprentissage riche et vari\u00e9 gr\u00e2ce \u00e0 l\u2019utilisation d\u2019outils modernes, de supports divers et de projets \u00e9ducatifs motivants et interactis, qui stimulent la cr\u00e9ativit\u00e9, l\u2019esprit critique, la curiosit\u00e9 et l\u2019implication des apprenants.<\/p><p>Nos enseignants, experts dans leurs domaines respectifs, b\u00e9n\u00e9ficient d\u2019une formation continue et approfondie. Forts d\u2019une solide ma\u00eetrise des disciplines enseign\u00e9es et des p\u00e9dagogies actives, ils veillent constamment \u00e0 l\u2019\u00e9panouissement et au d\u00e9veloppement int\u00e9gral de chaque apprenant. <br \/>La collaboration \u00e9troite de notre \u00e9quipe p\u00e9dagogique assure une progression coh\u00e9rente des apprentissages et renforce \u00e0 la fois l\u2019excellence p\u00e9dagogique et les performances acad\u00e9miques des apprenants.<\/p>\t\t\t\t\t\t\t\t<\/div>\n\t\t\t\t<\/div>\n\t\t\t\t\t<\/div>\n\t\t<\/div>\n\t\t\t\t\t<\/div>\n\t\t<\/section>\n\t\t\t\t<\/div>\n\t\t","protected":false},"excerpt":{"rendered":"<p>L\u2019excellence acad\u00e9mique est au c\u0153ur de notre mission \u00e9ducative. C\u2019est un engagement solennel que nous honorons au quotidien afin de former des leaders visionnaires, comp\u00e9tents&nbsp;<a href=\"https:\/\/project.tnkoffee.com\/ecolesriad2\/lexcellence-academique\/\">&hellip;<\/a><\/p>\n","protected":false},"author":1,"featured_media":0,"parent":0,"menu_order":0,"comment_status":"closed","ping_status":"closed","template":"template-fullwidth.php","meta":{"footnotes":""},"class_list":["post-1420","page","type-page","status-publish","hentry","odd"],"_links":{"self":[{"href":"https:\/\/project.tnkoffee.com\/ecolesriad2\/wp-json\/wp\/v2\/pages\/1420","targetHints":{"allow":["GET"]}}],"collection":[{"href":"https:\/\/project.tnkoffee.com\/ecolesriad2\/wp-json\/wp\/v2\/pages"}],"about":[{"href":"https:\/\/project.tnkoffee.com\/ecolesriad2\/wp-json\/wp\/v2\/types\/page"}],"author":[{"embeddable":true,"href":"https:\/\/project.tnkoffee.com\/ecolesriad2\/wp-json\/wp\/v2\/users\/1"}],"replies":[{"embeddable":true,"href":"https:\/\/project.tnkoffee.com\/ecolesriad2\/wp-json\/wp\/v2\/comments?post=1420"}],"version-history":[{"count":7,"href":"https:\/\/project.tnkoffee.com\/ecolesriad2\/wp-json\/wp\/v2\/pages\/1420\/revisions"}],"predecessor-version":[{"id":1427,"href":"https:\/\/project.tnkoffee.com\/ecolesriad2\/wp-json\/wp\/v2\/pages\/1420\/revisions\/1427"}],"wp:attachment":[{"href":"https:\/\/project.tnkoffee.com\/ecolesriad2\/wp-json\/wp\/v2\/media?parent=1420"}],"curies":[{"name":"wp","href":"https:\/\/api.w.org\/{rel}","templated":true}]}}