{"id":1310,"date":"2026-02-03T09:16:55","date_gmt":"2026-02-03T09:16:55","guid":{"rendered":"https:\/\/project.tnkoffee.com\/ecolesriad2\/?page_id=1310"},"modified":"2026-02-03T09:17:27","modified_gmt":"2026-02-03T09:17:27","slug":"activites-periscolaires","status":"publish","type":"page","link":"https:\/\/project.tnkoffee.com\/ecolesriad2\/activites-periscolaires\/","title":{"rendered":"Activit\u00e9s p\u00e9riscolaires"},"content":{"rendered":"\t\t<div data-elementor-type=\"wp-post\" data-elementor-id=\"1310\" class=\"elementor elementor-1310\">\n\t\t\t\t\t\t<section class=\"elementor-section elementor-top-section elementor-element elementor-element-c826102 elementor-section-boxed elementor-section-height-default elementor-section-height-default\" data-id=\"c826102\" data-element_type=\"section\">\n\t\t\t\t\t\t<div class=\"elementor-container elementor-column-gap-default\">\n\t\t\t\t\t<div class=\"elementor-column elementor-col-100 elementor-top-column elementor-element elementor-element-5da453b\" data-id=\"5da453b\" data-element_type=\"column\">\n\t\t\t<div class=\"elementor-widget-wrap elementor-element-populated\">\n\t\t\t\t\t\t<div class=\"elementor-element elementor-element-112ac81 elementor-widget elementor-widget-text-editor\" data-id=\"112ac81\" data-element_type=\"widget\" data-widget_type=\"text-editor.default\">\n\t\t\t\t<div class=\"elementor-widget-container\">\n\t\t\t\t\t\t\t\t\t<p>Les activit\u00e9s p\u00e9riscolaires compl\u00e8tent harmonieusement le parcours acad\u00e9mique. Sport, arts, culture, langues, activit\u00e9s scientifiques ou cr\u00e9atives permettent aux \u00e9l\u00e8ves de d\u00e9velopper leurs talents, leur curiosit\u00e9 et leur esprit d\u2019initiative. Encadr\u00e9es par des professionnels, ces activit\u00e9s participent pleinement \u00e0 l\u2019\u00e9panouissement global de l&#8217;\u00e9l\u00e8ve.<\/p>\t\t\t\t\t\t\t\t<\/div>\n\t\t\t\t<\/div>\n\t\t\t\t\t<\/div>\n\t\t<\/div>\n\t\t\t\t\t<\/div>\n\t\t<\/section>\n\t\t\t\t<\/div>\n\t\t","protected":false},"excerpt":{"rendered":"<p>Les activit\u00e9s p\u00e9riscolaires compl\u00e8tent harmonieusement le parcours acad\u00e9mique. Sport, arts, culture, langues, activit\u00e9s scientifiques ou cr\u00e9atives permettent aux \u00e9l\u00e8ves de d\u00e9velopper leurs talents, leur curiosit\u00e9&nbsp;<a href=\"https:\/\/project.tnkoffee.com\/ecolesriad2\/activites-periscolaires\/\">&hellip;<\/a><\/p>\n","protected":false},"author":1,"featured_media":0,"parent":0,"menu_order":0,"comment_status":"closed","ping_status":"closed","template":"template-fullwidth.php","meta":{"footnotes":""},"class_list":["post-1310","page","type-page","status-publish","hentry","odd"],"_links":{"self":[{"href":"https:\/\/project.tnkoffee.com\/ecolesriad2\/wp-json\/wp\/v2\/pages\/1310","targetHints":{"allow":["GET"]}}],"collection":[{"href":"https:\/\/project.tnkoffee.com\/ecolesriad2\/wp-json\/wp\/v2\/pages"}],"about":[{"href":"https:\/\/project.tnkoffee.com\/ecolesriad2\/wp-json\/wp\/v2\/types\/page"}],"author":[{"embeddable":true,"href":"https:\/\/project.tnkoffee.com\/ecolesriad2\/wp-json\/wp\/v2\/users\/1"}],"replies":[{"embeddable":true,"href":"https:\/\/project.tnkoffee.com\/ecolesriad2\/wp-json\/wp\/v2\/comments?post=1310"}],"version-history":[{"count":4,"href":"https:\/\/project.tnkoffee.com\/ecolesriad2\/wp-json\/wp\/v2\/pages\/1310\/revisions"}],"predecessor-version":[{"id":1314,"href":"https:\/\/project.tnkoffee.com\/ecolesriad2\/wp-json\/wp\/v2\/pages\/1310\/revisions\/1314"}],"wp:attachment":[{"href":"https:\/\/project.tnkoffee.com\/ecolesriad2\/wp-json\/wp\/v2\/media?parent=1310"}],"curies":[{"name":"wp","href":"https:\/\/api.w.org\/{rel}","templated":true}]}}