{"id":1271,"date":"2026-02-02T22:27:09","date_gmt":"2026-02-02T22:27:09","guid":{"rendered":"https:\/\/project.tnkoffee.com\/ecolesriad2\/?page_id=1271"},"modified":"2026-02-03T09:18:23","modified_gmt":"2026-02-03T09:18:23","slug":"engagements","status":"publish","type":"page","link":"https:\/\/project.tnkoffee.com\/ecolesriad2\/engagements\/","title":{"rendered":"Engagements"},"content":{"rendered":"\t\t<div data-elementor-type=\"wp-post\" data-elementor-id=\"1271\" class=\"elementor elementor-1271\">\n\t\t\t\t\t\t<section class=\"elementor-section elementor-top-section elementor-element elementor-element-c826102 elementor-section-boxed elementor-section-height-default elementor-section-height-default\" data-id=\"c826102\" data-element_type=\"section\">\n\t\t\t\t\t\t<div class=\"elementor-container elementor-column-gap-default\">\n\t\t\t\t\t<div class=\"elementor-column elementor-col-100 elementor-top-column elementor-element elementor-element-5da453b\" data-id=\"5da453b\" data-element_type=\"column\">\n\t\t\t<div class=\"elementor-widget-wrap elementor-element-populated\">\n\t\t\t\t\t\t<div class=\"elementor-element elementor-element-112ac81 elementor-widget elementor-widget-text-editor\" data-id=\"112ac81\" data-element_type=\"widget\" data-widget_type=\"text-editor.default\">\n\t\t\t\t<div class=\"elementor-widget-container\">\n\t\t\t\t\t\t\t\t\t<p>Aux \u00c9coles RIAD, nous nous engageons \u00e0 offrir une \u00e9ducation d\u2019excellence, fond\u00e9e sur l\u2019expertise professionnelle, l\u2019innovation p\u00e9dagogique et le respect de l\u2019enfant. Notre ambition est de former des \u00e9l\u00e8ves \u00e9panouis, responsables et ouverts sur le monde.<\/p><p>Nous nous engageons \u00e0 garantir un enseignement de qualit\u00e9, assur\u00e9 par un corps enseignant et administratif comp\u00e9tent, engag\u00e9 et d\u00e9vou\u00e9. Nos enseignants, experts dans leurs domaines respectifs, b\u00e9n\u00e9ficient d\u2019une formation continue leur permettant d\u2019adopter les meilleures pratiques p\u00e9dagogiques et les approches \u00e9ducatives les plus adapt\u00e9es.<\/p><p>Nous pla\u00e7ons l\u2019\u00e9l\u00e8ve au c\u0153ur de notre projet \u00e9ducatif. Chaque enfant est accompagn\u00e9 dans le respect de son rythme, de ses besoins et de son potentiel, afin de favoriser son \u00e9panouissement personnel et sa r\u00e9ussite scolaire.<\/p>\t\t\t\t\t\t\t\t<\/div>\n\t\t\t\t<\/div>\n\t\t\t\t\t<\/div>\n\t\t<\/div>\n\t\t\t\t\t<\/div>\n\t\t<\/section>\n\t\t\t\t<\/div>\n\t\t","protected":false},"excerpt":{"rendered":"<p>Aux \u00c9coles RIAD, nous nous engageons \u00e0 offrir une \u00e9ducation d\u2019excellence, fond\u00e9e sur l\u2019expertise professionnelle, l\u2019innovation p\u00e9dagogique et le respect de l\u2019enfant. Notre ambition est&nbsp;<a href=\"https:\/\/project.tnkoffee.com\/ecolesriad2\/engagements\/\">&hellip;<\/a><\/p>\n","protected":false},"author":1,"featured_media":0,"parent":0,"menu_order":0,"comment_status":"closed","ping_status":"closed","template":"template-fullwidth.php","meta":{"footnotes":""},"class_list":["post-1271","page","type-page","status-publish","hentry","odd"],"_links":{"self":[{"href":"https:\/\/project.tnkoffee.com\/ecolesriad2\/wp-json\/wp\/v2\/pages\/1271","targetHints":{"allow":["GET"]}}],"collection":[{"href":"https:\/\/project.tnkoffee.com\/ecolesriad2\/wp-json\/wp\/v2\/pages"}],"about":[{"href":"https:\/\/project.tnkoffee.com\/ecolesriad2\/wp-json\/wp\/v2\/types\/page"}],"author":[{"embeddable":true,"href":"https:\/\/project.tnkoffee.com\/ecolesriad2\/wp-json\/wp\/v2\/users\/1"}],"replies":[{"embeddable":true,"href":"https:\/\/project.tnkoffee.com\/ecolesriad2\/wp-json\/wp\/v2\/comments?post=1271"}],"version-history":[{"count":11,"href":"https:\/\/project.tnkoffee.com\/ecolesriad2\/wp-json\/wp\/v2\/pages\/1271\/revisions"}],"predecessor-version":[{"id":1317,"href":"https:\/\/project.tnkoffee.com\/ecolesriad2\/wp-json\/wp\/v2\/pages\/1271\/revisions\/1317"}],"wp:attachment":[{"href":"https:\/\/project.tnkoffee.com\/ecolesriad2\/wp-json\/wp\/v2\/media?parent=1271"}],"curies":[{"name":"wp","href":"https:\/\/api.w.org\/{rel}","templated":true}]}}