{"id":1262,"date":"2026-02-02T22:23:02","date_gmt":"2026-02-02T22:23:02","guid":{"rendered":"https:\/\/project.tnkoffee.com\/ecolesriad2\/?page_id=1262"},"modified":"2026-02-02T22:24:40","modified_gmt":"2026-02-02T22:24:40","slug":"valeurs-educatives","status":"publish","type":"page","link":"https:\/\/project.tnkoffee.com\/ecolesriad2\/valeurs-educatives\/","title":{"rendered":"Valeurs \u00e9ducatives"},"content":{"rendered":"\t\t<div data-elementor-type=\"wp-post\" data-elementor-id=\"1262\" class=\"elementor elementor-1262\">\n\t\t\t\t\t\t<section class=\"elementor-section elementor-top-section elementor-element elementor-element-c826102 elementor-section-boxed elementor-section-height-default elementor-section-height-default\" data-id=\"c826102\" data-element_type=\"section\">\n\t\t\t\t\t\t<div class=\"elementor-container elementor-column-gap-default\">\n\t\t\t\t\t<div class=\"elementor-column elementor-col-100 elementor-top-column elementor-element elementor-element-5da453b\" data-id=\"5da453b\" data-element_type=\"column\">\n\t\t\t<div class=\"elementor-widget-wrap elementor-element-populated\">\n\t\t\t\t\t\t<div class=\"elementor-element elementor-element-112ac81 elementor-widget elementor-widget-text-editor\" data-id=\"112ac81\" data-element_type=\"widget\" data-widget_type=\"text-editor.default\">\n\t\t\t\t<div class=\"elementor-widget-container\">\n\t\t\t\t\t\t\t\t\t<p>Aux \u00c9coles Riad, notre projet \u00e9ducatif repose sur des valeurs fondamentales qui guident notre \u00e9tablissement au quotidien :<\/p><ul><li><strong>L\u2019excellence :<\/strong> \u00c0 travers des programmes solides et des m\u00e9thodes p\u00e9dagogiques \u00e9prouv\u00e9es, nous encourageons nos \u00e9l\u00e8ves \u00e0 atteindre leur plein potentiel. Nous croyons en leurs capacit\u00e9s et les invitons \u00e0 viser haut, afin d\u2019atteindre les objectifs fix\u00e9s dans leur parcours scolaire et sup\u00e9rieur, et \u00e0 toujours donner le meilleur d\u2019eux-m\u00eames.<\/li><li><strong>La responsabilit\u00e9:<\/strong> Nous leur enseignons l\u2019importance de l\u2019effort, de la pers\u00e9v\u00e9rance et de la prise de d\u00e9cisions \u00e9clair\u00e9es. Nous les encourageons \u00e0 devenir des citoyens actifs, responsables et engag\u00e9s dans la soci\u00e9t\u00e9.<\/li><li><strong>L\u2019ouverture d\u2019esprit et la curiosit\u00e9 intellectuelle :<\/strong> Nous encourageons nos \u00e9l\u00e8ves \u00e0 explorer de nouvelles id\u00e9es, \u00e0 d\u00e9velopper leur pens\u00e9e critique et \u00e0 nourrir leur curiosit\u00e9, afin de former des esprits ouverts, r\u00e9fl\u00e9chis et conscients du monde qui les entoure.<\/li><\/ul><p>\u00c0 travers ces valeurs, nous souhaitons former de bons \u00e9l\u00e8ves, mais aussi des femmes et des hommes \u00e9clair\u00e9s, autonomes et responsables.<\/p>\t\t\t\t\t\t\t\t<\/div>\n\t\t\t\t<\/div>\n\t\t\t\t\t<\/div>\n\t\t<\/div>\n\t\t\t\t\t<\/div>\n\t\t<\/section>\n\t\t\t\t<\/div>\n\t\t","protected":false},"excerpt":{"rendered":"<p>Aux \u00c9coles Riad, notre projet \u00e9ducatif repose sur des valeurs fondamentales qui guident notre \u00e9tablissement au quotidien : L\u2019excellence : \u00c0 travers des programmes solides&nbsp;<a href=\"https:\/\/project.tnkoffee.com\/ecolesriad2\/valeurs-educatives\/\">&hellip;<\/a><\/p>\n","protected":false},"author":1,"featured_media":0,"parent":0,"menu_order":0,"comment_status":"closed","ping_status":"closed","template":"template-fullwidth.php","meta":{"footnotes":""},"class_list":["post-1262","page","type-page","status-publish","hentry","odd"],"_links":{"self":[{"href":"https:\/\/project.tnkoffee.com\/ecolesriad2\/wp-json\/wp\/v2\/pages\/1262","targetHints":{"allow":["GET"]}}],"collection":[{"href":"https:\/\/project.tnkoffee.com\/ecolesriad2\/wp-json\/wp\/v2\/pages"}],"about":[{"href":"https:\/\/project.tnkoffee.com\/ecolesriad2\/wp-json\/wp\/v2\/types\/page"}],"author":[{"embeddable":true,"href":"https:\/\/project.tnkoffee.com\/ecolesriad2\/wp-json\/wp\/v2\/users\/1"}],"replies":[{"embeddable":true,"href":"https:\/\/project.tnkoffee.com\/ecolesriad2\/wp-json\/wp\/v2\/comments?post=1262"}],"version-history":[{"count":7,"href":"https:\/\/project.tnkoffee.com\/ecolesriad2\/wp-json\/wp\/v2\/pages\/1262\/revisions"}],"predecessor-version":[{"id":1269,"href":"https:\/\/project.tnkoffee.com\/ecolesriad2\/wp-json\/wp\/v2\/pages\/1262\/revisions\/1269"}],"wp:attachment":[{"href":"https:\/\/project.tnkoffee.com\/ecolesriad2\/wp-json\/wp\/v2\/media?parent=1262"}],"curies":[{"name":"wp","href":"https:\/\/api.w.org\/{rel}","templated":true}]}}