{"id":1202,"date":"2025-11-11T23:39:42","date_gmt":"2025-11-11T23:39:42","guid":{"rendered":"https:\/\/project.tnkoffee.com\/ecolesriad\/?page_id=1202"},"modified":"2026-02-03T09:18:42","modified_gmt":"2026-02-03T09:18:42","slug":"equipe-pedagogique","status":"publish","type":"page","link":"https:\/\/project.tnkoffee.com\/ecolesriad2\/equipe-pedagogique\/","title":{"rendered":"\u00c9quipe p\u00e9dagogique"},"content":{"rendered":"\t\t<div data-elementor-type=\"wp-post\" data-elementor-id=\"1202\" class=\"elementor elementor-1202\">\n\t\t\t\t\t\t<section class=\"elementor-section elementor-top-section elementor-element elementor-element-01b12db elementor-section-stretched elementor-section-boxed elementor-section-height-default elementor-section-height-default\" data-id=\"01b12db\" data-element_type=\"section\" data-settings=\"{&quot;stretch_section&quot;:&quot;section-stretched&quot;}\">\n\t\t\t\t\t\t<div class=\"elementor-container elementor-column-gap-no\">\n\t\t\t\t\t<div class=\"elementor-column elementor-col-100 elementor-top-column elementor-element elementor-element-3902556\" data-id=\"3902556\" data-element_type=\"column\">\n\t\t\t<div class=\"elementor-widget-wrap elementor-element-populated\">\n\t\t\t\t\t\t<div class=\"elementor-element elementor-element-e7d4405 elementor-widget elementor-widget-heading\" data-id=\"e7d4405\" data-element_type=\"widget\" data-widget_type=\"heading.default\">\n\t\t\t\t<div class=\"elementor-widget-container\">\n\t\t\t\t\t<p class=\"elementor-heading-title elementor-size-default\">Chers enseignantes et enseignants, notre \u00e9tablissement offre \u00e0 tout le corps professoral un environnement\nstimulant et convivial, propice \u00e0 des conditions de travail optimales. <br> \n Il cr\u00e9e aussi un cadre id\u00e9al pour vous r\u00e9aliser pleinement, tant sur le plan professionnel que personnel,\ngarantissant ainsi un enseignement de qualit\u00e9, \u00e0 la hauteur des exigences de notre \u00e9cole et des attentes des\nparents. <br>  \n Anim\u00e9s par la passion et le professionnalisme, vous faites la diff\u00e9rence en assurant un enseignement innovant\net adapt\u00e9 aux besoins de chacun.\n L\u2019esprit de famille qui r\u00e8gne aux \u00c9coles Riad entre les corps professoral et administratif vous permet d'exceller\net de montrer l\u2019\u00e9tendue de votre talent afin d'atteindre l\u2019excellence escompt\u00e9e. <\/p>\t\t\t\t<\/div>\n\t\t\t\t<\/div>\n\t\t\t\t\t<\/div>\n\t\t<\/div>\n\t\t\t\t\t<\/div>\n\t\t<\/section>\n\t\t\t\t<\/div>\n\t\t","protected":false},"excerpt":{"rendered":"<p>Chers enseignantes et enseignants, notre \u00e9tablissement offre \u00e0 tout le corps professoral un environnement stimulant et convivial, propice \u00e0 des conditions de travail optimales. Il&nbsp;<a href=\"https:\/\/project.tnkoffee.com\/ecolesriad2\/equipe-pedagogique\/\">&hellip;<\/a><\/p>\n","protected":false},"author":1,"featured_media":0,"parent":0,"menu_order":0,"comment_status":"closed","ping_status":"closed","template":"template-fullwidth.php","meta":{"footnotes":""},"class_list":["post-1202","page","type-page","status-publish","hentry","odd"],"_links":{"self":[{"href":"https:\/\/project.tnkoffee.com\/ecolesriad2\/wp-json\/wp\/v2\/pages\/1202","targetHints":{"allow":["GET"]}}],"collection":[{"href":"https:\/\/project.tnkoffee.com\/ecolesriad2\/wp-json\/wp\/v2\/pages"}],"about":[{"href":"https:\/\/project.tnkoffee.com\/ecolesriad2\/wp-json\/wp\/v2\/types\/page"}],"author":[{"embeddable":true,"href":"https:\/\/project.tnkoffee.com\/ecolesriad2\/wp-json\/wp\/v2\/users\/1"}],"replies":[{"embeddable":true,"href":"https:\/\/project.tnkoffee.com\/ecolesriad2\/wp-json\/wp\/v2\/comments?post=1202"}],"version-history":[{"count":11,"href":"https:\/\/project.tnkoffee.com\/ecolesriad2\/wp-json\/wp\/v2\/pages\/1202\/revisions"}],"predecessor-version":[{"id":1320,"href":"https:\/\/project.tnkoffee.com\/ecolesriad2\/wp-json\/wp\/v2\/pages\/1202\/revisions\/1320"}],"wp:attachment":[{"href":"https:\/\/project.tnkoffee.com\/ecolesriad2\/wp-json\/wp\/v2\/media?parent=1202"}],"curies":[{"name":"wp","href":"https:\/\/api.w.org\/{rel}","templated":true}]}}